{"id":5087,"date":"2020-01-02T09:28:08","date_gmt":"2020-01-02T09:28:08","guid":{"rendered":"http:\/\/wpdemo.archiwp.com\/engitech\/?page_id=1370"},"modified":"2026-04-27T10:13:59","modified_gmt":"2026-04-27T15:13:59","slug":"contactenos","status":"publish","type":"page","link":"https:\/\/elevingascensores.com\/index.php\/contactenos\/","title":{"rendered":"Cont\u00e1ctenos"},"content":{"rendered":"\t\t<div data-elementor-type=\"wp-page\" data-elementor-id=\"5087\" class=\"elementor elementor-5087\">\n\t\t\t\t\t\t<section class=\"elementor-section elementor-top-section elementor-element elementor-element-8c1b6b2 elementor-section-content-middle ot-traditional elementor-section-boxed elementor-section-height-default elementor-section-height-default\" data-id=\"8c1b6b2\" data-element_type=\"section\" data-e-type=\"section\">\n\t\t\t\t\t\t<div class=\"elementor-container elementor-column-gap-extended\">\n\t\t\t\t\t<div class=\"elementor-column elementor-col-50 elementor-top-column elementor-element elementor-element-8416bc3 ot-flex-column-vertical\" data-id=\"8416bc3\" data-element_type=\"column\" data-e-type=\"column\">\n\t\t\t<div class=\"elementor-widget-wrap elementor-element-populated\">\n\t\t\t\t\t\t<div class=\"elementor-element elementor-element-d735292 elementor-widget__width-initial elementor-widget elementor-widget-iheading\" data-id=\"d735292\" data-element_type=\"widget\" data-e-type=\"widget\" data-widget_type=\"iheading.default\">\n\t\t\t\t<div class=\"elementor-widget-container\">\n\t\t\t\t\t\t\t<div class=\"ot-heading\">\r\n\t        \t            <span>\/\/ datos de contacto<\/span>\r\n\t        <h2 class=\"main-heading\">Contacte con nosotros<\/h2>\t    <\/div>\r\n\t    \t\t\t\t<\/div>\n\t\t\t\t<\/div>\n\t\t\t\t<div class=\"elementor-element elementor-element-d1b9e95 elementor-widget__width-initial elementor-widget elementor-widget-text-editor\" data-id=\"d1b9e95\" data-element_type=\"widget\" data-e-type=\"widget\" data-widget_type=\"text-editor.default\">\n\t\t\t\t<div class=\"elementor-widget-container\">\n\t\t\t\t\t\t\t\t\t<p><i>Para obtener m\u00e1s informaci\u00f3n, introduzca sus detalles de contacto y nos comunicaremos con usted.\u00a0<\/i><\/p>\t\t\t\t\t\t\t\t<\/div>\n\t\t\t\t<\/div>\n\t\t\t\t<div class=\"elementor-element elementor-element-b59a336 elementor-widget elementor-widget-icontact_info\" data-id=\"b59a336\" data-element_type=\"widget\" data-e-type=\"widget\" data-widget_type=\"icontact_info.default\">\n\t\t\t\t<div class=\"elementor-widget-container\">\n\t\t\t\t\t\t\t\t\t\t    \t<div class=\"contact-info box-style1\">\r\n\t\t\t\t\t\t\t\t    \t\t        <i class=\"flaticon-world-globe\"><\/i>\t\t\t        <div class=\"info-text\">\r\n\t\t\t        \t<h6>Ub\u00edcanos<\/h6>\r\n\t\t\t        \t<p>Av. 10 de Agosto N24-118 entre Cordero y Av. Col\u00f3n; Edf. Muresco Of.404<\/p>\r\n\t\t\t        <\/div>\r\n\t\t\t    <\/div>\r\n\t\t    \t    \t\t\t\t<\/div>\n\t\t\t\t<\/div>\n\t\t\t\t<div class=\"elementor-element elementor-element-4c90f57 elementor-widget elementor-widget-icontact_info\" data-id=\"4c90f57\" data-element_type=\"widget\" data-e-type=\"widget\" data-widget_type=\"icontact_info.default\">\n\t\t\t\t<div class=\"elementor-widget-container\">\n\t\t\t\t\t\t\t\t\t\t    \t<div class=\"contact-info box-style1\">\r\n\t\t\t\t\t\t\t\t    \t\t        <i class=\"flaticon-envelope\"><\/i>\t\t\t        <div class=\"info-text\">\r\n\t\t\t        \t<h6>Escr\u00edbanos<\/h6>\r\n\t\t\t        \t<p><a href=\"mailto:administracion@eleving.com.ec\" style=\"color: #7A7A7A;\">administracion@eleving.com.ec<\/a><br>\n<a href=\"mailto:ventas@eleving.com.ec\" style=\"color: #7A7A7A\">ventas@eleving.com.ec<\/a><br>\n<a href=\"mailto:marcoselev@hotmail.com\" style=\"color: #7A7A7A\">marcoselev@hotmail.com<\/a><br><\/p>\r\n\t\t\t        <\/div>\r\n\t\t\t    <\/div>\r\n\t\t    \t    \t\t\t\t<\/div>\n\t\t\t\t<\/div>\n\t\t\t\t<div class=\"elementor-element elementor-element-a59e635 elementor-widget elementor-widget-icontact_info\" data-id=\"a59e635\" data-element_type=\"widget\" data-e-type=\"widget\" data-widget_type=\"icontact_info.default\">\n\t\t\t\t<div class=\"elementor-widget-container\">\n\t\t\t\t\t\t\t\t\t\t    \t<div class=\"contact-info box-style1\">\r\n\t\t\t\t\t<svg aria-hidden=\"true\" class=\"e-font-icon-svg e-fas-mobile-alt\" viewBox=\"0 0 320 512\" xmlns=\"http:\/\/www.w3.org\/2000\/svg\"><path d=\"M272 0H48C21.5 0 0 21.5 0 48v416c0 26.5 21.5 48 48 48h224c26.5 0 48-21.5 48-48V48c0-26.5-21.5-48-48-48zM160 480c-17.7 0-32-14.3-32-32s14.3-32 32-32 32 14.3 32 32-14.3 32-32 32zm112-108c0 6.6-5.4 12-12 12H60c-6.6 0-12-5.4-12-12V60c0-6.6 5.4-12 12-12h200c6.6 0 12 5.4 12 12v312z\"><\/path><\/svg>\t\t\t    \t\t        \t\t\t        <div class=\"info-text\">\r\n\t\t\t        \t<h6>Atenci\u00f3n al Cliente<\/h6>\r\n\t\t\t        \t<p>Ventas: <a href=\"tel:593998272875\" style=\"color: #7A7A7A;\">099 827 2875<\/a><br>\nEmergencias: <a href=\"tel:593999286200\" style=\"color: #7A7A7A;\"><\/a>099 928 6200<br><\/p>\r\n\t\t\t        <\/div>\r\n\t\t\t    <\/div>\r\n\t\t    \t    \t\t\t\t<\/div>\n\t\t\t\t<\/div>\n\t\t\t\t\t<\/div>\n\t\t<\/div>\n\t\t\t\t<div class=\"elementor-column elementor-col-50 elementor-top-column elementor-element elementor-element-add1e18 ot-flex-column-vertical\" data-id=\"add1e18\" data-element_type=\"column\" data-e-type=\"column\">\n\t\t\t<div class=\"elementor-widget-wrap elementor-element-populated\">\n\t\t\t\t\t\t<div class=\"elementor-element elementor-element-5c60825 elementor-widget__width-initial elementor-widget elementor-widget-shortcode\" data-id=\"5c60825\" data-element_type=\"widget\" data-e-type=\"widget\" data-widget_type=\"shortcode.default\">\n\t\t\t\t<div class=\"elementor-widget-container\">\n\t\t\t\t\t\t\t<div class=\"elementor-shortcode\">\n<div class=\"wpcf7 no-js\" id=\"wpcf7-f1379-o1\" lang=\"en-US\" dir=\"ltr\" data-wpcf7-id=\"1379\">\n<div class=\"screen-reader-response\"><p role=\"status\" aria-live=\"polite\" aria-atomic=\"true\"><\/p> <ul><\/ul><\/div>\n<form action=\"\/index.php\/wp-json\/wp\/v2\/pages\/5087#wpcf7-f1379-o1\" method=\"post\" class=\"wpcf7-form init\" aria-label=\"Contact form\" novalidate=\"novalidate\" data-status=\"init\">\n<fieldset class=\"hidden-fields-container\"><input type=\"hidden\" name=\"_wpcf7\" value=\"1379\" \/><input type=\"hidden\" name=\"_wpcf7_version\" value=\"6.1.5\" \/><input type=\"hidden\" name=\"_wpcf7_locale\" value=\"en_US\" \/><input type=\"hidden\" name=\"_wpcf7_unit_tag\" value=\"wpcf7-f1379-o1\" \/><input type=\"hidden\" name=\"_wpcf7_container_post\" value=\"0\" \/><input type=\"hidden\" name=\"_wpcf7_posted_data_hash\" value=\"\" \/>\n<\/fieldset>\n<div class=\"main-form\">\n\t<h2>\u00bfListo para comenzar?\n\t<\/h2>\n\t<p class=\"font14\">Tu direcci\u00f3n de correo electr\u00f3nico no ser\u00e1 publicada. Los campos obligatorios est\u00e1n marcados*\n\t<\/p>\n\t<p><span class=\"wpcf7-form-control-wrap\" data-name=\"your-name\"><input size=\"40\" maxlength=\"400\" class=\"wpcf7-form-control wpcf7-text wpcf7-validates-as-required\" aria-required=\"true\" aria-invalid=\"false\" placeholder=\"Nombre *\" value=\"\" type=\"text\" name=\"your-name\" \/><\/span>\n\t<\/p>\n\t<p><span class=\"wpcf7-form-control-wrap\" data-name=\"your-email\"><input size=\"40\" maxlength=\"400\" class=\"wpcf7-form-control wpcf7-email wpcf7-validates-as-required wpcf7-text wpcf7-validates-as-email\" aria-required=\"true\" aria-invalid=\"false\" placeholder=\"Email *\" value=\"\" type=\"email\" name=\"your-email\" \/><\/span>\n\t<\/p>\n\t<p><span class=\"wpcf7-form-control-wrap\" data-name=\"your-message\"><textarea cols=\"40\" rows=\"10\" maxlength=\"2000\" class=\"wpcf7-form-control wpcf7-textarea\" aria-invalid=\"false\" placeholder=\"Mensaje...\" name=\"your-message\"><\/textarea><\/span>\n\t<\/p>\n\t<p><button type=\"submit\" class=\"octf-btn octf-btn-light\">Enviar<\/button>\n\t<\/p>\n<\/div><div class=\"wpcf7-response-output\" aria-hidden=\"true\"><\/div>\n<\/form>\n<\/div>\n<\/div>\n\t\t\t\t\t\t<\/div>\n\t\t\t\t<\/div>\n\t\t\t\t\t<\/div>\n\t\t<\/div>\n\t\t\t\t\t<\/div>\n\t\t<\/section>\n\t\t<div class=\"elementor-element elementor-element-5753d1b e-con-full e-flex e-con e-parent\" data-id=\"5753d1b\" data-element_type=\"container\" data-e-type=\"container\">\n\t\t\t\t<div class=\"elementor-element elementor-element-95dd3b5 elementor-widget elementor-widget-html\" data-id=\"95dd3b5\" data-element_type=\"widget\" data-e-type=\"widget\" data-widget_type=\"html.default\">\n\t\t\t\t<div class=\"elementor-widget-container\">\n\t\t\t\t\t<iframe src=\"https:\/\/www.google.com\/maps\/embed?pb=!1m17!1m12!1m3!1d997.4485766791485!2d-78.49724938296576!3d-0.19878799995519666!2m3!1f0!2f0!3f0!3m2!1i1024!2i768!4f13.1!3m2!1m1!2zMMKwMTEnNTUuNiJTIDc4wrAyOSc0NS43Ilc!5e0!3m2!1ses!2sec!4v1729521817700!5m2!1ses!2sec\" width=\"100%\" height=\"450\" style=\"border:0;\" allowfullscreen=\"\" loading=\"lazy\" referrerpolicy=\"no-referrer-when-downgrade\"><\/iframe>\t\t\t\t<\/div>\n\t\t\t\t<\/div>\n\t\t\t\t<\/div>\n\t\t\t\t<\/div>\n\t\t","protected":false},"excerpt":{"rendered":"<p>\/\/ datos de contacto Contacte con nosotros Para obtener m\u00e1s informaci\u00f3n, introduzca sus detalles de contacto y nos comunicaremos con usted.\u00a0 Ub\u00edcanos Av. 10 de Agosto N24-118 entre Cordero y Av. Col\u00f3n; Edf. Muresco Of.404 Escr\u00edbanos administracion@eleving.com.ec ventas@eleving.com.ec marcoselev@hotmail.com Atenci\u00f3n al Cliente Ventas: 099 827 2875 Emergencias: 099 928 6200<\/p>\n","protected":false},"author":1,"featured_media":0,"parent":0,"menu_order":0,"comment_status":"closed","ping_status":"closed","template":"","meta":{"_joinchat":[],"footnotes":""},"class_list":["post-5087","page","type-page","status-publish","hentry"],"_links":{"self":[{"href":"https:\/\/elevingascensores.com\/index.php\/wp-json\/wp\/v2\/pages\/5087","targetHints":{"allow":["GET"]}}],"collection":[{"href":"https:\/\/elevingascensores.com\/index.php\/wp-json\/wp\/v2\/pages"}],"about":[{"href":"https:\/\/elevingascensores.com\/index.php\/wp-json\/wp\/v2\/types\/page"}],"author":[{"embeddable":true,"href":"https:\/\/elevingascensores.com\/index.php\/wp-json\/wp\/v2\/users\/1"}],"replies":[{"embeddable":true,"href":"https:\/\/elevingascensores.com\/index.php\/wp-json\/wp\/v2\/comments?post=5087"}],"version-history":[{"count":34,"href":"https:\/\/elevingascensores.com\/index.php\/wp-json\/wp\/v2\/pages\/5087\/revisions"}],"predecessor-version":[{"id":5693,"href":"https:\/\/elevingascensores.com\/index.php\/wp-json\/wp\/v2\/pages\/5087\/revisions\/5693"}],"wp:attachment":[{"href":"https:\/\/elevingascensores.com\/index.php\/wp-json\/wp\/v2\/media?parent=5087"}],"curies":[{"name":"wp","href":"https:\/\/api.w.org\/{rel}","templated":true}]}}